{"id":7605,"date":"2021-04-02T18:34:26","date_gmt":"2021-04-02T16:34:26","guid":{"rendered":"https:\/\/maipropertiesmallorca.com\/politica-de-privacidad\/"},"modified":"2021-04-19T23:19:33","modified_gmt":"2021-04-19T21:19:33","slug":"politica-de-privacidad","status":"publish","type":"page","link":"https:\/\/maipropertiesmallorca.com\/es\/politica-de-privacidad\/","title":{"rendered":"Pol\u00edtica de privacidad"},"content":{"rendered":"\n<h2 class=\"wp-block-heading\">Aviso legal de Mai Properties Mallorca, C.B.<\/h2>\n\n<p>Nuestra direcci\u00f3n web es: https:\/\/maipropertiesmallorca.com\/es<\/p>\n\n<p>Mai Properties Mallorca, CB es una sociedad espa\u00f1ola con domicilio social en Calle Mar i Estany, 4\u00ba-2\u00ba &#8211; 07400 Puerto de Alc\u00fadia (Islas Baleares, Espa\u00f1a) y direcci\u00f3n de correo electr\u00f3nico info@maipropertiesmallorca.com, y c\u00f3digo fiscal E16665713, inscrita en las Sociedades Registro de Palma de Mallorca. Mai Properties Mallorca, C.B. desarrolla la actividad de inmobiliaria y central de reservas en virtud de la Ley 8\/2012 de 19 de julio de Turismo de las Illes Balears y su normativa de desarrollo; es apto para realizar esta actividad de acuerdo con la presentaci\u00f3n de declaraci\u00f3n responsable de inicio de actividad, pendiente actualmente de que se le asigne un n\u00famero de registro.<\/p>\n\n<h3 class=\"wp-block-heading\">T\u00e9rminos de uso de la p\u00e1gina web<\/h3>\n\n<p>Mai Properties Mallorca, CB manifiesta que el acceso y uso de su sitio web www.maipropertiesmallorca.com y todos los subdominios y directorios incluidos en el mismo (en adelante, denominados conjuntamente el Sitio Web), as\u00ed como los servicios o productos que puedan ser obtenidos a trav\u00e9s de \u00e9l, est\u00e1n sujetos a los t\u00e9rminos establecidos en este Aviso Legal, sin perjuicio de que el acceso a algunos de estos productos o servicios puede requerir la aceptaci\u00f3n de T\u00e9rminos y Condiciones adicionales.<\/p>\n\n<p>En consecuencia, si no acepta los t\u00e9rminos establecidos en este Aviso Legal, le rogamos que no utilice el Sitio Web, ya que cualquier uso que haga del Sitio Web o de los servicios incluidos en el mismo implica la aceptaci\u00f3n de los t\u00e9rminos legales establecidos en este. texto.<\/p>\n\n<p>El Sitio Web tiene como finalidad promover las actividades que realiza y los servicios que presta Mai Properties Mallorca, CB, por lo que la informaci\u00f3n contenida en el mismo existe con fines promocionales o, en su caso, constituye una mera invitaci\u00f3n a celebrar un contrato, y no lo es. no constituye una oferta vinculante; Solo habr\u00e1 un contrato vinculante exclusivamente despu\u00e9s de que se haya iniciado el proceso de reserva que se describe a continuaci\u00f3n y una vez que la reserva haya sido confirmada de acuerdo con el mismo. Todas las actividades y servicios contenidos en el Sitio Web son comercializados o prestados por Mai Properties Mallorca, C.B. en cumplimiento de la normativa vigente.<\/p>\n\n<p>Mai Properties Mallorca, C.B. se reserva el derecho a realizar cambios en el Sitio Web sin previo aviso, con el fin de actualizar, corregir, modificar, a\u00f1adir o eliminar contenido del Sitio Web o de su dise\u00f1o. El contenido del sitio web se actualiza peri\u00f3dicamente. Debido a que la informaci\u00f3n no es inmediata, le sugerimos que verifique la validez y exactitud de la informaci\u00f3n contenida en el Sitio Web.<\/p>\n\n<p>Los t\u00e9rminos y condiciones establecidos en este Aviso pueden variar y, por lo tanto, lo invitamos a revisar estos t\u00e9rminos cuando vuelva a visitar el sitio web o solicite un nuevo servicio. Este Aviso Legal no afecta a otros T\u00e9rminos y Condiciones que regulen el acceso a servicios espec\u00edficos contenidos en el Sitio Web.<\/p>\n\n<h3 class=\"wp-block-heading\">Links o hiperlinks<\/h3>\n\n<p>Mai Properties Mallorca, C.B. puede proporcionar acceso a otros sitios web que creemos que pueden ser de su inter\u00e9s. El prop\u00f3sito de dichos enlaces es \u00fanicamente ayudarlo a buscar recursos en l\u00ednea que puedan ser de su inter\u00e9s. Sin embargo, dichos sitios web no pertenecen a la entidad anterior, la cual no revisa y no se hace responsable de su contenido, la funcionalidad de los sitios web enlazados o de los da\u00f1os que pudieran ocasionarse como consecuencia de su acceso o uso.<\/p>\n\n<p>No se permiten enlaces desde ning\u00fan sitio web o direcci\u00f3n de correo electr\u00f3nico al sitio web sin la autorizaci\u00f3n expresa por escrito de Mai Properties Mallorca, CB Adem\u00e1s, dichos enlaces deben cumplir con las siguientes condiciones: (a) los enlaces solo se pueden realizar a la p\u00e1gina de inicio o p\u00e1gina principal de este sitio web; (b) El establecimiento de un enlace no implica ning\u00fan tipo de acuerdo, contrato, patrocinio o recomendaci\u00f3n por parte de Mai Properties Mallorca, C.B. del sitio web que realiza el enlace.<\/p>\n\n<p>En cualquier momento, Mai Properties Mallorca, C.B. podr\u00e1 retirar la autorizaci\u00f3n mencionada en el p\u00e1rrafo anterior sin que exista obligaci\u00f3n de aportar una causa declarada de ning\u00fan tipo. En tales casos, la p\u00e1gina que ha realizado el enlace deber\u00e1 proceder inmediatamente a eliminar el enlace tan pronto como se reciba la notificaci\u00f3n de Mai Properties Mallorca, C.B. revocando dicha autorizaci\u00f3n.<\/p>\n\n<h3 class=\"wp-block-heading\">Frames<\/h3>\n\n<p>Mai Properties Mallorca, C.B. proh\u00edbe expresamente la creaci\u00f3n de \u201cframings\u201d o el uso por parte de terceros de cualesquiera otros mecanismos que puedan alterar el dise\u00f1o, configuraci\u00f3n original o contenidos de su Sitio Web, salvo pacto expreso por escrito.<\/p>\n\n<h3 class=\"wp-block-heading\">Publicidad<\/h3>\n\n<p>El Sitio Web contendr\u00e1 publicidad insertada por Mai Properties Mallorca, C.B. o por terceros que creemos que pueden ser de su inter\u00e9s.<\/p>\n\n<p>No obstante lo establecido en la Pol\u00edtica de Privacidad, Mai Properties Mallorca, C.B. se compromete a no facilitar a los anunciantes su informaci\u00f3n, salvo informaci\u00f3n estad\u00edstica an\u00f3nima sobre el uso del Sitio Web, con la finalidad de mejorar el servicio y ofrecer productos acordes a las expectativas del Usuario.<\/p>\n\n<h3 class=\"wp-block-heading\">Privacidad<\/h3>\n\n<p>En cumplimiento de la Ley Org\u00e1nica 15\/1999 de Protecci\u00f3n de Datos de Car\u00e1cter Personal y los derechos previstos en su Art\u00edculo 5, (en especial los derechos de acceso, alteraci\u00f3n y cancelaci\u00f3n de datos personales), le informamos que la informaci\u00f3n facilitada mediante la cumplimentaci\u00f3n de este formulario ser\u00e1 tratado de forma confidencial.<\/p>\n\n<p>Mai Properties Mallorca, C.B. cumple con todos los requisitos de la Ley de Protecci\u00f3n de Datos 15\/1999 y nuestra Empresa trata todos los datos, de acuerdo con las disposiciones legales, y tomando las medidas de seguridad necesarias para garantizar su confidencialidad.<\/p>\n\n<p>En cumplimiento del Art\u00edculo 5 de la citada Ley, los datos que nos faciliten nuestros clientes mediante la cumplimentaci\u00f3n del presente formulario ser\u00e1n incluidos en un fichero a cargo de Mai Properties Mallorca, CB, con el fin de remitirle la informaci\u00f3n. necesitar.<\/p>\n\n<p>Si tienes una cuenta o has dejado comentarios en esta web, puedes solicitar recibir un archivo de exportaci\u00f3n de los datos personales que tenemos sobre ti, incluyendo cualquier dato que nos hayas proporcionado. Tambi\u00e9n puedes solicitar que eliminemos cualquier dato personal que tengamos sobre ti. Esto no incluye ning\u00fan dato que estemos obligados a conservar con fines administrativos, legales o de seguridad.<\/p>\n\n<p>Los comentarios de los visitantes puede que los revise un servicio de detecci\u00f3n autom\u00e1tica de spam.<\/p>\n\n<h3 class=\"wp-block-heading\">Responsabilidades<\/h3>\n\n<p>La empresa no garantiza el acceso continuado, ni la correcta visualizaci\u00f3n, descarga o uso de los elementos e informaci\u00f3n contenidos en las p\u00e1ginas de la empresa, que puedan verse prevenidos, obstaculizados o interrumpidos por factores o circunstancias que escapen a su control La empresa puede interrumpir el servicio o resolver inmediatamente la relaci\u00f3n con el Usuario.<\/p>\n\n<p>Si detecta un uso de su Portal o alguno de los servicios que en \u00e9l se ofrecen son contrarios a estos T\u00e9rminos Legales.<\/p>\n\n<p>La empresa pone a disposici\u00f3n de los Usuarios una direcci\u00f3n de correo electr\u00f3nico info@maipropertiesmallorca.com para que se revele cualquier contenido que pueda afectar a la actividad de otros usuarios, con la voluntad de rectificar el mismo en caso de ser oportuno.<\/p>\n\n<p>La empresa no se hace responsable de los da\u00f1os, p\u00e9rdidas, p\u00e9rdidas, reclamaciones o gastos producidos por: &#8211; Interferencias, interrupciones, fallos, omisiones, aver\u00edas telef\u00f3nicas, retrasos, bloqueos o desconexiones en el funcionamiento del sistema electr\u00f3nico, motivados por deficiencias, sobrecargas y errores. en l\u00edneas y redes de telecomunicaciones, o por cualquier otra causa ajena al control de la empresa; &#8211; Intrusi\u00f3n ilegal mediante el uso de programas maliciosos de cualquier tipo y a trav\u00e9s de cualquier medio de comunicaci\u00f3n, como virus inform\u00e1ticos o cualesquiera otros; &#8211; Abuso indebido o inapropiado de las p\u00e1ginas web de la empresa; &#8211; Errores de seguridad o navegaci\u00f3n provocados por un mal funcionamiento del navegador o por el uso de versiones no actualizadas del mismo. Los administradores de la empresa se reservan el derecho a retirar, total o parcialmente, cualquier contenido o informaci\u00f3n presente en la web. La empresa excluye cualquier responsabilidad por los da\u00f1os y perjuicios de cualquier naturaleza que pudieran deberse al mal uso de los servicios de libre disposici\u00f3n y uso por parte de los usuarios de la Web. Asimismo, la empresa se exime de cualquier responsabilidad por el contenido e informaci\u00f3n que pueda recibirse como consecuencia de las formas de recogida de datos, siendo la misma \u00fanicamente para la prestaci\u00f3n de los servicios descritos ofrecidos por la empresa; Servicios como comercio online y solicitud de cotizaciones. Por otro lado, en caso de ocasionar da\u00f1os por un uso ilegal o incorrecto de dichos servicios, la empresa podr\u00e1 reclamar al Usuario por dichos da\u00f1os.<\/p>\n\n<h3 class=\"wp-block-heading\">Propiedad intelectual e industrial<\/h3>\n\n<p>El Usuario reconoce y acepta que todas las marcas, nombres comerciales o signos distintivos a todos los derechos de propiedad industrial e intelectual, sobre los contenidos y \/ o cualesquiera otros elementos insertados en la p\u00e1gina, son propiedad exclusiva de la empresa y \/ o terceros, que tiene el derecho exclusivo a utilizarlos en el tr\u00e1fico econ\u00f3mico. En ning\u00fan caso el acceso al sitio web implica ning\u00fan tipo de renuncia, transmisi\u00f3n, licencia o cesi\u00f3n total o parcial de tales derechos, salvo que expresamente se establezca lo contrario. Los presentes T\u00e9rminos Legales del sitio web no confieren a los Usuarios ning\u00fan otro derecho de uso, alteraci\u00f3n, explotaci\u00f3n, reproducci\u00f3n, distribuci\u00f3n o comunicaci\u00f3n p\u00fablica del sitio web y \/ o de otros Contenidos distintos de los aqu\u00ed expresamente previstos. Cualquier otro uso o explotaci\u00f3n de cualesquiera derechos estar\u00e1 sujeto a la previa y expresa autorizaci\u00f3n espec\u00edficamente otorgada a tal efecto por la empresa o el tercero titular de los derechos afectados.<\/p>\n\n<p>Los contenidos, textos, fotograf\u00edas, dise\u00f1os, logotipos, im\u00e1genes, programas inform\u00e1ticos, c\u00f3digos fuente y, en general, cualquier creaci\u00f3n intelectual existente en este sitio, as\u00ed como el propio sitio en su conjunto, como obra art\u00edstica multimedia, est\u00e1n protegidos como derechos de autor por la legislaci\u00f3n sobre propiedad intelectual. La empresa es titular de los elementos que integran el dise\u00f1o gr\u00e1fico de su sitio web, men\u00fas, botones de navegaci\u00f3n, c\u00f3digo HTML, textos, im\u00e1genes, texturas, gr\u00e1ficos y cualquier otro contenido de la p\u00e1gina Web o, en todo caso dispone de la correspondiente autorizaci\u00f3n para el uso de El contenido proporcionado en dicho sitio web no podr\u00e1 ser reproducido total o parcialmente, ni transmitido, ni registrado por ning\u00fan sistema de recuperaci\u00f3n de informaci\u00f3n, de ninguna forma ni por ning\u00fan medio, salvo que se cuente con la autorizaci\u00f3n previa y por escrito de la mencionada Entidad.&#13;\n<\/p>\n\n<p>Asimismo, queda prohibido suprimir, eludir o manipular el &#8220;copyright&#8221; y la empresa, as\u00ed como los dispositivos t\u00e9cnicos de protecci\u00f3n del Copyright, o cualesquiera mecanismos de informaci\u00f3n que puedan contener los contenidos. El Usuario de este sitio web se compromete a respetar los derechos enunciados y a evitar cualquier actuaci\u00f3n que pudiera perjudicarlos, reserv\u00e1ndose en todo caso la empresa el ejercicio de cuantos medios o acciones legales le correspondan en defensa de sus leg\u00edtimos derechos de propiedad intelectual e industrial.<\/p>\n\n<h3 class=\"wp-block-heading\">Duraci\u00f3n y terminaci\u00f3n<\/h3>\n\n<p>La prestaci\u00f3n del servicio de este sitio web y los dem\u00e1s servicios tienen en principio un TO. Sin embargo, la empresa puede dar por terminado o suspender cualquiera de los servicios del Portal. Cuando sea posible, la empresa anunciar\u00e1 la terminaci\u00f3n o suspensi\u00f3n de la prestaci\u00f3n del servicio determinado<\/p>\n\n<h3 class=\"wp-block-heading\">Fuerza mayor<\/h3>\n\n<p>La empresa no ser\u00e1 responsable en absoluto en caso de imposibilidad de prestar el servicio, si es TO. Debido a interrupciones prolongadas del suministro el\u00e9ctrico, l\u00edneas de telecomunicaciones, conflictos sociales, huelgas, rebeliones, explosiones, inundaciones, actos y omisiones del Gobierno. , y en general todos los casos de fuerza mayor.<\/p>\n\n<h3 class=\"wp-block-heading\">Hojas de reclamaciones<\/h3>\n\n<p>Mai Properties Mallorca, C.B. pone a disposici\u00f3n de los clientes y usuarios en sus oficinas las fichas de reclamaci\u00f3n de obligado cumplimiento por la ley aplicable; adem\u00e1s, el enlace de descarga de dichos documentos se encuentra disponible de la siguiente manera (solo en espa\u00f1ol): http:\/\/www.caib.es\/govern\/rest\/arxiu\/1118935<\/p>\n\n<h3 class=\"wp-block-heading\">Cookies<\/h3>\n\n<p>Siguiendo las directrices de la Agencia Espa\u00f1ola de Protecci\u00f3n de Datos procedemos a detallar el TO.uso de las cookies que realiza este sitio web con el fin de informarle con la mayor precisi\u00f3n posible. Este sitio web utiliza las siguientes cookies propias.<\/p>\n\n<p>Este sitio web hace uso de &#8220;cookies&#8221; (archivos de texto colocados en su computadora). Estas cookies se utilizan para mejorar la comodidad del usuario y tambi\u00e9n hacer que nuestro sitio web sea lo m\u00e1s \u00fatil y funcional posible. Uno de los prop\u00f3sitos de nuestras cookies es asegurarnos de que nuestro sitio web funcione de manera \u00f3ptima; recopilamos datos para la investigaci\u00f3n con el fin de obtener una mejor comprensi\u00f3n de nuestros clientes y c\u00f3mo hacen uso de nuestro sitio web. Nuestras cookies no obtienen informaci\u00f3n de identificaci\u00f3n personal (por ejemplo, n\u00fameros de tel\u00e9fono o direcciones de correo electr\u00f3nico). Por lo tanto, nuestras cookies no se pueden utilizar para acciones de telemarketing o correo electr\u00f3nico.<\/p>\n\n<p><strong>Cookies funcionales<\/strong>: estas cookies garantizan que nuestro sitio web funcione correctamente. Estas cookies pueden almacenar el nombre de su navegador, el tipo de computadora e informaci\u00f3n t\u00e9cnica sobre la forma en que est\u00e1 conectado a nuestro sitio web. Toda esta informaci\u00f3n se utiliza en \u00faltima instancia para facilitar (t\u00e9cnicamente hablando) la navegaci\u00f3n y el uso de nuestro sitio web. Por \u00faltimo, estas cookies se pueden utilizar para almacenar configuraciones personales como el idioma.<\/p>\n\n<p><strong>An\u00e1lisis<\/strong>: estas cookies nos permiten medir el uso de nuestro sitio web y Google Analytics las coloca para medir el n\u00famero de visitas y los elementos del sitio web que son m\u00e1s populares entre los visitantes. En general, esta informaci\u00f3n se agrega para, en \u00faltima instancia, mejorar el contenido que se muestra en nuestro sitio web, as\u00ed como la experiencia del usuario. Las cookies anal\u00edticas tambi\u00e9n miden c\u00f3mo encontr\u00f3 nuestros sitios web para medir la efectividad de las campa\u00f1as de correo electr\u00f3nico, anuncios o AdWords.<\/p>\n\n<p><strong>Cookies de publicidad a trav\u00e9s de Facebook y sitios de terceros:<\/strong> estas cookies se utilizan para mostrar un canal de noticias personalizado y anuncios basados \u200b\u200ben el comportamiento de navegaci\u00f3n de su sitio web cuando visita Facebook y otros sitios de terceros. Si no ha aceptado esta Pol\u00edtica de privacidad y cookies, es posible que los anuncios de Dreamhomesalmeria.com aparezcan en otros sitios y en su suministro de noticias de las redes sociales.<\/p>\n\n<p><strong>Cookies de redes sociales:<\/strong> estas cookies se utilizan para compartir el contenido del sitio web en las redes sociales o en cualquier sitio web relacionado. Puede compartir partes de nuestro sitio web en plataformas de redes sociales como Facebook, Instagram, por nombrar algunas. A trav\u00e9s de estas cookies, est\u00e1 habilitado para hacerlo.<\/p>\n\n<h3 class=\"wp-block-heading\">Plug-ins de redes sociales<\/h3>\n\n<p>Mai Properties Mallorca, C.B. utiliza complementos en su sitio web de redes sociales como Facebook, YouTube, Google+ y otras. Sin perjuicio de la regulaci\u00f3n espec\u00edfica de la misma, establecida en nuestra Pol\u00edtica de Privacidad, el software utilizado por estas redes sociales pertenece a sus respectivos propietarios, y simplemente tiene licencia de Mai Properties Mallorca, CB. de acuerdo con los respectivos acuerdos establecidos con cada prestador de servicios, sin perjuicio del contenido propiedad de Mai Properties Mallorca, C.B. subido a su perfil en cada una de dichas plataformas. Se informa a los usuarios del sitio web que una vez que hayan accedido a una de estas redes a trav\u00e9s del plug-in correspondiente, podr\u00e1n crear su propio perfil, quedando as\u00ed registrada cualquier acci\u00f3n realizada por ellos. Consulte la informaci\u00f3n disponible relativa al tratamiento de datos personales a trav\u00e9s de cada uno de estos complementos en nuestra Pol\u00edtica de Privacidad.<\/p>\n","protected":false},"excerpt":{"rendered":"<p>Aviso legal de Mai Properties Mallorca, C.B. Nuestra direcci\u00f3n web es: https:\/\/maipropertiesmallorca.com\/es Mai Properties Mallorca, CB es una sociedad espa\u00f1ola con domicilio social en Calle Mar i Estany, 4\u00ba-2\u00ba &#8211; 07400 Puerto de Alc\u00fadia (Islas Baleares, Espa\u00f1a) y direcci\u00f3n de correo electr\u00f3nico info@maipropertiesmallorca.com, y c\u00f3digo fiscal E16665713, inscrita en las Sociedades Registro de Palma de&#8230;<\/p>\n","protected":false},"author":4,"featured_media":0,"parent":0,"menu_order":0,"comment_status":"closed","ping_status":"closed","template":"elementor_header_footer","meta":{"_monsterinsights_skip_tracking":false,"_monsterinsights_sitenote_active":false,"_monsterinsights_sitenote_note":"","_monsterinsights_sitenote_category":0,"footnotes":""},"class_list":["post-7605","page","type-page","status-publish","hentry"],"_links":{"self":[{"href":"https:\/\/maipropertiesmallorca.com\/es\/wp-json\/wp\/v2\/pages\/7605","targetHints":{"allow":["GET"]}}],"collection":[{"href":"https:\/\/maipropertiesmallorca.com\/es\/wp-json\/wp\/v2\/pages"}],"about":[{"href":"https:\/\/maipropertiesmallorca.com\/es\/wp-json\/wp\/v2\/types\/page"}],"author":[{"embeddable":true,"href":"https:\/\/maipropertiesmallorca.com\/es\/wp-json\/wp\/v2\/users\/4"}],"replies":[{"embeddable":true,"href":"https:\/\/maipropertiesmallorca.com\/es\/wp-json\/wp\/v2\/comments?post=7605"}],"version-history":[{"count":0,"href":"https:\/\/maipropertiesmallorca.com\/es\/wp-json\/wp\/v2\/pages\/7605\/revisions"}],"wp:attachment":[{"href":"https:\/\/maipropertiesmallorca.com\/es\/wp-json\/wp\/v2\/media?parent=7605"}],"curies":[{"name":"wp","href":"https:\/\/api.w.org\/{rel}","templated":true}]}}