{"id":7490,"date":"2021-04-02T18:34:26","date_gmt":"2021-04-02T16:34:26","guid":{"rendered":"https:\/\/maipropertiesmallorca.com\/datenschutz-bestimmungen\/"},"modified":"2021-04-19T23:36:08","modified_gmt":"2021-04-19T21:36:08","slug":"datenschutz-bestimmungen","status":"publish","type":"page","link":"https:\/\/maipropertiesmallorca.com\/de\/datenschutz-bestimmungen\/","title":{"rendered":"Datenschutz-Bestimmungen"},"content":{"rendered":"\n<h2 class=\"wp-block-heading\">Rechtliche Hinweise von Mai Properties Mallorca, C.B.<\/h2>\n\n<p>Unsere Webseite ist: https:\/\/maipropertiesmallorca.com<\/p>\n\n<p>Mai Properties Mallorca, CB ist ein spanisches Unternehmen mit Sitz in der Calle Mar i Estany, 4\u00ba-2\u00ba &#8211; 07400 Puerto de Alc\u00fadia (Balearen, Spanien) und E-Mail-Adresse info@maipropertiesmallorca.com sowie dem Steuercode E16665713. Mai Properties Mallorca, C. B., \u00fcbt die T\u00e4tigkeit der zentralen Reservate gem\u00e4\u00df dem Gesetz vom 8. Juli 2012 \u00fcber den Tourismus auf den Balearen und dessen Entwicklungsgesetzgebung aus. Es ist geeignet, diese Aktivit\u00e4t gem\u00e4\u00df der Vorlage einer verantwortlichen Erkl\u00e4rung \u00fcber den Beginn der Aktivit\u00e4t durchzuf\u00fchren, f\u00fcr die derzeit die Registrierung einer Registrierungsnummer aussteht.<\/p>\n\n<h3 class=\"wp-block-heading\">Nutzungsbedingungen f\u00fcr die Webseite<\/h3>\n\n<p>Mai Properties Mallorca, CB, erkl\u00e4rt hiermit, dass der Zugriff auf und die Nutzung seiner Website www.maipropertiesmallorca.com und aller darin enthaltenen Subdomains und Verzeichnisse (im Folgenden gemeinsam als Website bezeichnet) sowie der Dienste oder Produkte, die sein k\u00f6nnen Sie erhalten die in diesem rechtlichen Hinweis festgelegten Bedingungen, ungeachtet dessen, dass f\u00fcr den Zugriff auf einige dieser Produkte oder Dienstleistungen m\u00f6glicherweise zus\u00e4tzliche Gesch\u00e4ftsbedingungen akzeptiert werden m\u00fcssen.<\/p>\n\n<p>Wenn Sie die in diesem rechtlichen Hinweis aufgef\u00fchrten Bedingungen nicht akzeptieren, bitten wir Sie daher, die Website nicht zu nutzen, da jede Nutzung der Website oder der darin enthaltenen Dienste die Akzeptanz der darin enthaltenen rechtlichen Bedingungen impliziert Text.<\/p>\n\n<p>Der Zweck der Website besteht darin, die von Mai Properties Mallorca, CB, durchgef\u00fchrten Aktivit\u00e4ten und die erbrachten Dienstleistungen zu bewerben, sodass die darin enthaltenen Informationen zu Werbezwecken vorliegen oder gegebenenfalls lediglich eine Aufforderung zum Abschluss einer Vereinbarung darstellen kein verbindliches Angebot darstellen; Ein verbindlicher Vertrag kommt erst zustande, wenn der nachfolgend beschriebene Reservierungsprozess gestartet und die Reservierung entsprechend best\u00e4tigt wurde. Alle auf der Website enthaltenen Aktivit\u00e4ten und Dienstleistungen werden von Mai Properties Mallorca, C. B., in \u00dcbereinstimmung mit den derzeit geltenden Vorschriften vermarktet oder bereitgestellt.<\/p>\n\n<p>Mai Properties Mallorca, C. B. beh\u00e4lt sich das Recht vor, ohne vorherige Ank\u00fcndigung \u00c4nderungen an der Website vorzunehmen, um Inhalte der Website oder ihres Designs zu aktualisieren, zu korrigieren, zu \u00e4ndern, zu erg\u00e4nzen oder zu entfernen. Der Inhalt der Website wird regelm\u00e4\u00dfig aktualisiert. Aufgrund der Tatsache, dass die Informationen nicht unmittelbar sind, empfehlen wir Ihnen, die G\u00fcltigkeit und Richtigkeit der auf der Website enthaltenen Informationen zu \u00fcberpr\u00fcfen.<\/p>\n\n<p>Die in dieser Mitteilung aufgef\u00fchrten Bedingungen k\u00f6nnen variieren. Wir bitten Sie daher, diese Bedingungen zu \u00fcberpr\u00fcfen, wenn Sie die Website erneut besuchen oder einen neuen Service anfordern. Dieser rechtliche Hinweis hat keine Auswirkungen auf andere Gesch\u00e4ftsbedingungen, die den Zugang zu bestimmten auf der Website enthaltenen Diensten regeln.<\/p>\n\n<h3 class=\"wp-block-heading\">Links oder Hyperlinks<\/h3>\n\n<p>Mai Properties Mallorca, C. B., bietet m\u00f6glicherweise Zugriff auf andere Websites, von denen wir glauben, dass sie f\u00fcr Sie von Interesse sind. Der Zweck solcher Links besteht ausschlie\u00dflich darin, Ihnen bei der Suche nach Online-Ressourcen zu helfen, die f\u00fcr Sie von Interesse sein k\u00f6nnten. Diese Websites geh\u00f6ren jedoch nicht zu der oben genannten Einrichtung, die ihre Inhalte, die Funktionalit\u00e4t verlinkter Websites oder Sch\u00e4den, die durch deren Zugriff oder Nutzung entstehen k\u00f6nnen, nicht \u00fcberpr\u00fcft und nicht haftbar gemacht werden kann.<\/p>\n\n<p>Links von einer Website oder E-Mail-Adresse zur Website sind ohne ausdr\u00fcckliche schriftliche Genehmigung von Mai Properties Mallorca, CB, nicht gestattet. Dar\u00fcber hinaus m\u00fcssen solche Links den folgenden Bedingungen entsprechen: (a) Links d\u00fcrfen nur zur Startseite oder Hauptseite hergestellt werden dieser Website; (b) Das Herstellen eines Links impliziert keine Vereinbarung, keinen Vertrag, kein Sponsoring oder keine Empfehlung von Mai Properties Mallorca, C. B., der Website, auf der der Link erstellt wird.<\/p>\n\n<p>Mai Properties Mallorca, C. B., kann die im vorherigen Absatz genannte Genehmigung jederzeit entfernen, ohne dass ein angegebener Grund jeglicher Art angegeben werden muss. In solchen F\u00e4llen muss die Seite, auf der der Link erstellt wurde, sofort fortfahren, um den Link zu entfernen, sobald eine Mitteilung von Mai Properties Mallorca, C. B., eingegangen ist, mit der eine solche Autorisierung widerrufen wird.<\/p>\n\n<h3 class=\"wp-block-heading\"> Rahmen<\/h3>\n\n<p>Mai Properties Mallorca, C. B., untersagt ausdr\u00fccklich die Erstellung von \u201eFramings\u201c oder die Verwendung anderer Mechanismen durch Dritte, die das Design, die urspr\u00fcngliche Konfiguration oder den Inhalt seiner Website ver\u00e4ndern k\u00f6nnen, sofern dies nicht ausdr\u00fccklich schriftlich vereinbart wurde.<\/p>\n\n<h3 class=\"wp-block-heading\"> Werbung<\/h3>\n\n<p>Die Website enth\u00e4lt Werbung von Mai Properties Mallorca, C. B. oder von Dritten, von denen wir glauben, dass sie f\u00fcr Sie von Interesse sind.<\/p>\n\n<p>Ungeachtet der Bestimmungen in der Datenschutzrichtlinie verpflichtet sich Mai Properties Mallorca, C. B., Werbetreibenden Ihre Informationen mit Ausnahme anonymer statistischer Informationen zur Nutzung der Website nicht zur Verf\u00fcgung zu stellen, um den Service zu verbessern und Produkte gem\u00e4\u00df den Erwartungen der Benutzer anzubieten.<\/p>\n\n<h3 class=\"wp-block-heading\">Privatsph\u00e4re<\/h3>\n\n<p>In \u00dcbereinstimmung mit dem Organgesetz 15\/1999 zum Schutz personenbezogener Daten und den Rechten gem\u00e4\u00df Abschnitt 5 (insbesondere den Rechten auf Zugang, \u00c4nderung und L\u00f6schung personenbezogener Daten) informieren wir Sie dar\u00fcber, dass die Informationen durch das Ausf\u00fcllen dieses Formulars bereitgestellt werden wird vertraulich behandelt.<\/p>\n\n<p>Mai Properties Mallorca, C. B., erf\u00fcllt alle Anforderungen des spanischen Datenschutzgesetzes 15\/1999 und unser Unternehmen behandelt alle Daten gem\u00e4\u00df den gesetzlichen Bestimmungen und ergreift die erforderlichen Sicherheitsma\u00dfnahmen, um deren Vertraulichkeit zu gew\u00e4hrleisten.<\/p>\n\n<p>&#13;\nIn \u00dcbereinstimmung mit Abschnitt 5 des oben genannten Gesetzes werden die von unseren Kunden durch Ausf\u00fcllen des vorliegenden Formulars bereitgestellten Daten in eine Datei unter der Verantwortung von Mai Properties Mallorca, CB, aufgenommen, um die von Ihnen gesendeten Informationen zur\u00fcckzusenden brauchen.<\/p>\n\n<p>Wenn Sie ein Konto auf dieser Website haben oder Kommentare hinterlassen haben, k\u00f6nnen Sie eine exportierte Datei der pers\u00f6nlichen Daten anfordern, die wir \u00fcber Sie gespeichert haben, einschlie\u00dflich aller Daten, die Sie uns zur Verf\u00fcgung gestellt haben. Sie k\u00f6nnen auch verlangen, dass wir alle personenbezogenen Daten l\u00f6schen, die wir \u00fcber Sie gespeichert haben. Dies schlie\u00dft keine Daten ein, die wir zu administrativen, rechtlichen oder Sicherheitszwecken aufbewahren m\u00fcssen.&#13;\n<\/p>\n\n<p>Besucherkommentare k\u00f6nnen \u00fcber einen automatisierten Spam-Erkennungsdienst \u00fcberpr\u00fcft werden.<\/p>\n\n<h3 class=\"wp-block-heading\">Verantwortlichkeiten<\/h3>\n\n<p>Das Unternehmen garantiert weder den fortgesetzten Zugriff noch die korrekte Anzeige, den Download oder die korrekte Verwendung der auf den Unternehmensseiten enthaltenen Elemente und Informationen, die durch Faktoren oder Umst\u00e4nde, die au\u00dferhalb Ihrer Kontrolle liegen, verhindert, behindert oder unterbrochen werden. Das Unternehmen kann den Zugriff unterbrechen Service oder l\u00f6sen Sie sofort die Beziehung mit dem Benutzer.<\/p>\n\n<p>Wenn Sie feststellen, dass eine Nutzung Ihres Portals oder eines der darin angebotenen Dienste gegen diese rechtlichen Bestimmungen verst\u00f6\u00dft.<\/p>\n\n<p>Das Unternehmen stellt den Benutzern eine E-Mail-Adresse info@maipropertiesmallorca.com zur Verf\u00fcgung, damit alle Inhalte, die sich auf die Aktivit\u00e4ten anderer Benutzer auswirken k\u00f6nnen, offengelegt werden.<\/p>\n\n<p>Das Unternehmen haftet nicht f\u00fcr Sch\u00e4den, Verluste, Verluste, Anspr\u00fcche oder Kosten, die entstehen durch: &#8211; St\u00f6rungen, Unterbrechungen, Ausf\u00e4lle, Auslassungen, Telefonausf\u00e4lle, Verz\u00f6gerungen, Blockierungen oder Unterbrechungen im Betrieb des elektronischen Systems, die durch M\u00e4ngel, \u00dcberlastungen und Fehler verursacht werden in Telekommunikationsleitungen und -netzen oder aus anderen Gr\u00fcnden, die au\u00dferhalb der Kontrolle des Unternehmens liegen; &#8211; Illegales Eindringen durch die Verwendung von Schadprogrammen jeglicher Art und durch Kommunikationsmittel wie Computerviren oder andere; &#8211; unsachgem\u00e4\u00dfer oder unangemessener Missbrauch der Webseiten des Unternehmens; &#8211; Sicherheits- oder Navigationsfehler, die durch eine Fehlfunktion des Browsers oder durch die Verwendung nicht aktualisierter Versionen des Browsers verursacht wurden. Die Administratoren des Unternehmens behalten sich das Recht vor, Inhalte oder Informationen im Internet ganz oder teilweise zur\u00fcckzuziehen. Das Unternehmen schlie\u00dft jegliche Verantwortung f\u00fcr Sch\u00e4den jeglicher Art aus, die auf den Missbrauch von Diensten zur\u00fcckzuf\u00fchren sind, die von den Webnutzern frei verf\u00fcgbar und genutzt werden. Ebenso ist das Unternehmen von jeglicher Verantwortung f\u00fcr den Inhalt und die Informationen befreit, die aufgrund der Formen der Datenerfassung erhalten werden k\u00f6nnen. Dies gilt nur f\u00fcr die Erbringung der vom Unternehmen beschriebenen Dienstleistungen. Dienstleistungen wie Online-Handel und Angebotsanfrage. Andererseits kann der Benutzer im Falle eines Schadensersatzes f\u00fcr eine rechtswidrige oder fehlerhafte Nutzung dieser Dienste vom Unternehmen f\u00fcr diesen Schaden geltend gemacht werden.<\/p>\n\n<h3 class=\"wp-block-heading\">Geistiges und gewerbliches Eigentum<\/h3>\n\n<p>Der Benutzer erkennt an und akzeptiert, dass alle Marken, Handelsnamen oder Unterscheidungsmerkmale f\u00fcr alle gewerblichen und geistigen Eigentumsrechte an den Inhalten und \/ oder sonstigen auf der Seite eingef\u00fcgten Elementen das ausschlie\u00dfliche Eigentum des Unternehmens und \/ oder Dritter sind das ausschlie\u00dfliche Recht, sie im wirtschaftlichen Verkehr zu nutzen. In keinem Fall bedeutet der Zugriff auf die Website einen Verzicht, eine \u00dcbertragung, eine Lizenz oder eine vollst\u00e4ndige oder teilweise Abtretung dieser Rechte, sofern nicht ausdr\u00fccklich anders angegeben. Diese Nutzungsbedingungen der Website verleihen den Benutzern kein anderes Recht zur Nutzung, \u00c4nderung, Verwertung, Vervielf\u00e4ltigung, Verbreitung oder \u00f6ffentlichen Kommunikation der Website und \/ oder anderer Inhalte als den hier ausdr\u00fccklich angegebenen. Jede andere Nutzung oder Verwertung von Rechten unterliegt der vorherigen und ausdr\u00fccklichen Genehmigung, die ausdr\u00fccklich von der Gesellschaft oder dem Drittinhaber der betroffenen Rechte erteilt wird.<\/p>\n\n<p>Die Inhalte, Texte, Fotos, Designs, Logos, Bilder, Computerprogramme, Quellcodes und im Allgemeinen alle auf dieser Site vorhandenen intellektuellen Kreationen sowie die gesamte Site als multimediales k\u00fcnstlerisches Werk sind gesch\u00fctzt als Urheberrechte durch Gesetzgebung zum geistigen Eigentum. Das Unternehmen besitzt die Elemente, die das Grafikdesign Ihrer Website, Men\u00fcs, Navigationsschaltfl\u00e4chen, Code-HTML, Texte, Bilder, Texturen, Grafiken und sonstigen Inhalte der Webseite integrieren, oder verf\u00fcgt in jedem Fall \u00fcber die entsprechende Berechtigung zur Nutzung von Diese Elemente. Der auf dieser Website bereitgestellte Inhalt darf weder ganz noch teilweise reproduziert noch von einem Informationsabrufsystem in irgendeiner Form oder auf irgendeine Weise \u00fcbertragen oder aufgezeichnet werden, es sei denn, Sie haben die vorherige schriftliche Genehmigung des oben genannten Unternehmens.<\/p>\n\n<p>Ebenso ist es verboten, das &#8220;Urheberrecht&#8221; und das Unternehmen sowie die technischen Schutzger\u00e4te f\u00fcr das Urheberrecht oder Informationsmechanismen, die den Inhalt enthalten k\u00f6nnen, zu unterdr\u00fccken, zu umgehen oder zu manipulieren. Der Benutzer dieser Website verpflichtet sich, die angegebenen Rechte zu respektieren und jegliche Handlungen zu vermeiden, die ihm schaden k\u00f6nnten, und beh\u00e4lt sich in jedem Fall die Aus\u00fcbung der ihm entsprechenden Mittel oder rechtlichen Schritte zur Verteidigung seiner legitimen Rechte an geistigem und gewerblichem Eigentum vor.<\/p>\n\n<h3 class=\"wp-block-heading\">Dauer und K\u00fcndigung<\/h3>\n\n<p>Die Bereitstellung des Dienstes dieser Website und der anderen Dienste hat grunds\u00e4tzlich einen TO.timeless. Das Unternehmen kann jedoch alle Portal-Dienste beenden oder aussetzen. Wenn m\u00f6glich, wird das Unternehmen die Beendigung oder Aussetzung der Erbringung der festgelegten Dienstleistung bekannt geben<\/p>\n\n<h3 class=\"wp-block-heading\">\u00dcberw\u00e4ltigende Kraft<\/h3>\n\n<p>Das Unternehmen haftet \u00fcberhaupt nicht f\u00fcr den Fall, dass es nicht in der Lage ist, Dienstleistungen zu erbringen, wenn dies aufgrund l\u00e4ngerer Unterbrechungen der Stromversorgung, der Telekommunikationsleitungen, sozialer Konflikte, Streiks, Rebellionen, Explosionen, \u00dcberschwemmungen, Handlungen und Unterlassungen der Regierung der Fall ist und im Allgemeinen alle F\u00e4lle h\u00f6herer Gewalt.<\/p>\n\n<h3 class=\"wp-block-heading\">Anspruchsbl\u00e4tter<\/h3>\n\n<p>Mai Properties Mallorca, C. B. stellt den Kunden und Benutzern in seinen B\u00fcros die nach geltendem Recht obligatorischen Antragsbl\u00e4tter zur Verf\u00fcgung. Dar\u00fcber hinaus wird der Download-Link solcher Dokumente wie folgt zur Verf\u00fcgung gestellt (nur auf Spanisch): http:\/\/www.caib.es\/govern\/rest\/arxiu\/1118935<\/p>\n\n<h3 class=\"wp-block-heading\">Cookies<\/h3>\n\n<p>Gem\u00e4\u00df den Richtlinien der spanischen Datenschutzbeh\u00f6rde werden wir die Verwendung von Cookies auf dieser Website detailliert beschreiben, um Sie so genau wie m\u00f6glich zu informieren. Diese Website verwendet die folgenden eigenen Cookies.<\/p>\n\n<p>Diese Website verwendet \u201eCookies\u201c (Textdateien, die auf Ihrem Computer abgelegt werden). Diese Cookies sind vorhanden, um den Benutzerkomfort zu verbessern und unsere Website so n\u00fctzlich und funktional wie m\u00f6glich zu gestalten. Mit unseren Cookies m\u00f6chten wir unter anderem sicherstellen, dass unsere Website optimal funktioniert. Wir sammeln Daten f\u00fcr Forschungszwecke, um bessere Einblicke in unsere Kunden und deren Nutzung unserer Website zu erhalten. Unsere Cookies erhalten keine personenbezogenen Daten (z. B. Telefonnummern oder E-Mail-Adressen). Daher k\u00f6nnen unsere Cookies nicht f\u00fcr E-Mail- oder Telemarketing-Aktionen verwendet werden.<\/p>\n\n<p><strong>Funktionale Cookies<\/strong>: Diese Cookies stellen sicher, dass unsere Website ordnungsgem\u00e4\u00df funktioniert. Diese Cookies k\u00f6nnen den Namen Ihres Browsers, den Computertyp und technische Informationen dar\u00fcber enthalten, wie Sie mit unserer Website verbunden sind. All diese Informationen werden letztendlich verwendet, um (technisch gesehen) die Navigation sowie die Nutzung unserer Website zu erleichtern. Schlie\u00dflich k\u00f6nnen diese Cookies verwendet werden, um pers\u00f6nliche Einstellungen wie die Sprache zu speichern.<\/p>\n\n<p><strong>Analytik: <\/strong>Diese Cookies erm\u00f6glichen es uns, die Nutzung unserer Website zu messen. Sie werden von Google Analytics platziert, um die Anzahl der Besuche und die Elemente der Website zu messen, die bei Besuchern am beliebtesten sind. Alles in allem werden diese Informationen zusammengefasst, um letztendlich den auf unserer Website angezeigten Inhalt sowie die Benutzererfahrung zu verbessern. Analytische Cookies messen auch, wie Sie unsere Websites gefunden haben, um die Effektivit\u00e4t von E-Mail-Kampagnen, Anzeigen oder AdWords zu messen.<\/p>\n\n<p><strong>Werbe-Cookies \u00fcber Facebook und Websites von Drittanbietern:<\/strong> Diese Cookies werden verwendet, um einen personalisierten Newsfeed und Werbung anzuzeigen, die auf dem Navigationsverhalten Ihrer Website basieren, wenn Sie Facebook und andere Websites von Drittanbietern besuchen. Wenn Sie dieser Datenschutz- und Cookie-Richtlinie nicht zugestimmt haben, ist es weiterhin m\u00f6glich, dass Dreamhomesalmeria.com-Anzeigen auf anderen Websites und in Ihrem Social-Media-Newsfeed erscheinen.<\/p>\n\n<p><strong>Social Media-Cookies:<\/strong> Diese Cookies werden verwendet, um den Inhalt der Website in Social Media oder einer verwandten Website zu teilen. Sie k\u00f6nnen Teile unserer Website auf Social-Media-Plattformen wie Facebook, Instagram teilen, um nur einige zu nennen. \u00dcber diese Cookies k\u00f6nnen Sie dies tun.<\/p>\n\n<h3 class=\"wp-block-heading\">Plug-Ins aus sozialen Netzwerken<\/h3>\n\n<p>Mai Properties Mallorca, C. B., verwendet Plug-Ins auf seiner Website aus sozialen Netzwerken wie Facebook, YouTube, Google+ und anderen. Ungeachtet der in unseren Datenschutzrichtlinien festgelegten spezifischen Bestimmungen geh\u00f6rt die von diesen sozialen Netzwerken verwendete Software ihren jeweiligen Eigent\u00fcmern und ist lediglich an Mai Properties Mallorca, CB, lizenziert. In \u00dcbereinstimmung mit den jeweiligen Vereinbarungen, die mit jedem Dienstanbieter geschlossen wurden, hat C.B. ungeachtet des Inhalts von Mai Properties Mallorca auf jeder dieser Plattformen sein Profil hochgeladen. Website-Benutzer werden hiermit dar\u00fcber informiert, dass sie, sobald sie \u00fcber das entsprechende Plug-In auf eines dieser Netzwerke zugegriffen haben, ein eigenes Profil erstellen k\u00f6nnen und alle von ihnen ergriffenen Ma\u00dfnahmen als Ergebnis aufgezeichnet werden. Bitte konsultieren Sie die verf\u00fcgbaren Informationen zur Behandlung personenbezogener Daten \u00fcber jedes dieser Plug-Ins in unserer Datenschutzrichtlinie.<\/p>\n","protected":false},"excerpt":{"rendered":"<p>Rechtliche Hinweise von Mai Properties Mallorca, C.B. Unsere Webseite ist: https:\/\/maipropertiesmallorca.com Mai Properties Mallorca, CB ist ein spanisches Unternehmen mit Sitz in der Calle Mar i Estany, 4\u00ba-2\u00ba &#8211; 07400 Puerto de Alc\u00fadia (Balearen, Spanien) und E-Mail-Adresse info@maipropertiesmallorca.com sowie dem Steuercode E16665713. Mai Properties Mallorca, C. B., \u00fcbt die T\u00e4tigkeit der zentralen Reservate gem\u00e4\u00df dem&#8230;<\/p>\n","protected":false},"author":4,"featured_media":0,"parent":0,"menu_order":0,"comment_status":"closed","ping_status":"closed","template":"elementor_header_footer","meta":{"_monsterinsights_skip_tracking":false,"_monsterinsights_sitenote_active":false,"_monsterinsights_sitenote_note":"","_monsterinsights_sitenote_category":0,"footnotes":""},"class_list":["post-7490","page","type-page","status-publish","hentry"],"_links":{"self":[{"href":"https:\/\/maipropertiesmallorca.com\/de\/wp-json\/wp\/v2\/pages\/7490","targetHints":{"allow":["GET"]}}],"collection":[{"href":"https:\/\/maipropertiesmallorca.com\/de\/wp-json\/wp\/v2\/pages"}],"about":[{"href":"https:\/\/maipropertiesmallorca.com\/de\/wp-json\/wp\/v2\/types\/page"}],"author":[{"embeddable":true,"href":"https:\/\/maipropertiesmallorca.com\/de\/wp-json\/wp\/v2\/users\/4"}],"replies":[{"embeddable":true,"href":"https:\/\/maipropertiesmallorca.com\/de\/wp-json\/wp\/v2\/comments?post=7490"}],"version-history":[{"count":0,"href":"https:\/\/maipropertiesmallorca.com\/de\/wp-json\/wp\/v2\/pages\/7490\/revisions"}],"wp:attachment":[{"href":"https:\/\/maipropertiesmallorca.com\/de\/wp-json\/wp\/v2\/media?parent=7490"}],"curies":[{"name":"wp","href":"https:\/\/api.w.org\/{rel}","templated":true}]}}