{"id":7459,"date":"2021-03-30T18:06:17","date_gmt":"2021-03-30T16:06:17","guid":{"rendered":"https:\/\/maipropertiesmallorca.com\/ueber-uns\/"},"modified":"2024-01-24T16:43:29","modified_gmt":"2024-01-24T15:43:29","slug":"ueber-uns","status":"publish","type":"page","link":"https:\/\/maipropertiesmallorca.com\/de\/ueber-uns\/","title":{"rendered":"\u00dcber uns"},"content":{"rendered":"\t\t<div data-elementor-type=\"wp-page\" data-elementor-id=\"7459\" class=\"elementor elementor-7459 elementor-6644\" data-elementor-post-type=\"page\">\n\t\t\t\t<div class=\"elementor-element elementor-element-b83d6cb e-con-full e-flex e-con e-parent\" data-id=\"b83d6cb\" data-element_type=\"container\" data-e-type=\"container\">\n\t\t\t\t<div class=\"elementor-element elementor-element-48613e8 elementor-widget__width-initial elementor-widget elementor-widget-image\" data-id=\"48613e8\" data-element_type=\"widget\" data-e-type=\"widget\" data-widget_type=\"image.default\">\n\t\t\t\t<div class=\"elementor-widget-container\">\n\t\t\t\t\t\t\t\t\t\t\t\t\t\t\t<img decoding=\"async\" src=\"https:\/\/www.elliottwrightrealestate.com\/wp-content\/uploads\/2023\/06\/properties-villas-new-developments-costa-del-sol-marbella.webp\" title=\"\" alt=\"\" loading=\"lazy\" \/>\t\t\t\t\t\t\t\t\t\t\t\t\t\t\t<\/div>\n\t\t\t\t<\/div>\n\t\t\t\t<\/div>\n\t\t\t\t<section class=\"elementor-section elementor-top-section elementor-element elementor-element-015ba71 elementor-section-boxed elementor-section-height-default elementor-section-height-default\" data-id=\"015ba71\" data-element_type=\"section\" data-e-type=\"section\">\n\t\t\t\t\t\t<div class=\"elementor-container elementor-column-gap-default\">\n\t\t\t\t\t<div class=\"elementor-column elementor-col-100 elementor-top-column elementor-element elementor-element-b1cf51f\" data-id=\"b1cf51f\" data-element_type=\"column\" data-e-type=\"column\">\n\t\t\t<div class=\"elementor-widget-wrap elementor-element-populated\">\n\t\t\t\t\t\t<div class=\"elementor-element elementor-element-1986755 elementor-widget elementor-widget-text-editor\" data-id=\"1986755\" data-element_type=\"widget\" data-e-type=\"widget\" data-widget_type=\"text-editor.default\">\n\t\t\t\t<div class=\"elementor-widget-container\">\n\t\t\t\t\t\t\t\t\t<h6>&nbsp;<\/h6>\n<div>\n<h2><span style=\"line-height: inherit; font-weight: bolder;\"><span style=\"font-size: 36px; line-height: inherit; font-weight: bolder; color: #808080;\">About us<\/span><\/span><\/h2><\/div>\t\t\t\t\t\t\t\t<\/div>\n\t\t\t\t<\/div>\n\t\t\t\t\t<\/div>\n\t\t<\/div>\n\t\t\t\t\t<\/div>\n\t\t<\/section>\n\t\t\t\t<section class=\"elementor-section elementor-top-section elementor-element elementor-element-936aeff elementor-section-boxed elementor-section-height-default elementor-section-height-default\" data-id=\"936aeff\" data-element_type=\"section\" data-e-type=\"section\">\n\t\t\t\t\t\t<div class=\"elementor-container elementor-column-gap-default\">\n\t\t\t\t\t<div class=\"elementor-column elementor-col-100 elementor-top-column elementor-element elementor-element-4baa632\" data-id=\"4baa632\" data-element_type=\"column\" data-e-type=\"column\">\n\t\t\t<div class=\"elementor-widget-wrap elementor-element-populated\">\n\t\t\t\t\t\t<div class=\"elementor-element elementor-element-dfa5780 elementor-widget elementor-widget-text-editor\" data-id=\"dfa5780\" data-element_type=\"widget\" data-e-type=\"widget\" data-widget_type=\"text-editor.default\">\n\t\t\t\t<div class=\"elementor-widget-container\">\n\t\t\t\t\t\t\t\t\t<p style=\"color: #7a7a7a; font-weight: 400;\">Unser Portfolio an Immobilien in den besten Lagen Mallorcas ist wirklich vielf\u00e4ltig und bietet f\u00fcr jeden etwas. Von luxuri\u00f6sen Villen mit atemberaubendem Meerblick bis zu charmanten Stadth\u00e4usern im Herzen die sch\u00f6nste St\u00e4dte der Insel haben wir eine gro\u00dfe Auswahl. Unabh\u00e4ngig von Ihrem Budget oder Ihren Vorlieben haben wir etwas, das Ihren Bed\u00fcrfnissen entspricht.<\/p>\n<p style=\"color: #7a7a7a; font-weight: 400;\">Wir glauben, dass alle unsere Kunden einzigartig sind und Ihre Anforderungen unterschiedlich sind. Aus diesem Grund bieten wir Ihnen einen professionellen Service, der darauf ausgelegt ist, Sie vom Moment Ihrer Entscheidung, eines unserer wundersch\u00f6nen Objekte zu besichtigen, bis zum Kauf zu unterst\u00fctzen. <\/p>\n<p style=\"color: #7a7a7a; font-weight: 400;\">Kontaktieren Sie uns noch heute, um mehr zu erfahren und Ihre Reise zu Ihrem Traumhaus auf dieser paradiesischen Insel zu anfangen<span style=\"color: var( --e-global-color-text ); background-color: var(--rh-color-white);\">.<\/span><\/p>\n<p style=\"color: #7a7a7a;\">\n            <span style=\"color: var( --e-global-color-text ); background-color: var(--rh-color-white);\"><br \/>\n              <b>Wir freuen uns darauf, Ihre Tr\u00e4ume wahr werden zu lassen!<\/b><br \/>\n            <\/span>\n          <\/p>\n\t\t\t\t\t\t\t\t<\/div>\n\t\t\t\t<\/div>\n\t\t\t\t\t<\/div>\n\t\t<\/div>\n\t\t\t\t\t<\/div>\n\t\t<\/section>\n\t\t\t\t<\/div>\n\t\t","protected":false},"excerpt":{"rendered":"<p>&nbsp; About us Unser Portfolio an Immobilien in den besten Lagen Mallorcas ist wirklich vielf\u00e4ltig und bietet f\u00fcr jeden etwas. Von luxuri\u00f6sen Villen mit atemberaubendem Meerblick bis zu charmanten Stadth\u00e4usern im Herzen die sch\u00f6nste St\u00e4dte der Insel haben wir eine gro\u00dfe Auswahl. Unabh\u00e4ngig von Ihrem Budget oder Ihren Vorlieben haben wir etwas, das Ihren Bed\u00fcrfnissen&#8230;<\/p>\n","protected":false},"author":4,"featured_media":0,"parent":0,"menu_order":0,"comment_status":"closed","ping_status":"closed","template":"elementor_header_footer","meta":{"_monsterinsights_skip_tracking":false,"_monsterinsights_sitenote_active":false,"_monsterinsights_sitenote_note":"","_monsterinsights_sitenote_category":0,"footnotes":""},"class_list":["post-7459","page","type-page","status-publish","hentry"],"_links":{"self":[{"href":"https:\/\/maipropertiesmallorca.com\/de\/wp-json\/wp\/v2\/pages\/7459","targetHints":{"allow":["GET"]}}],"collection":[{"href":"https:\/\/maipropertiesmallorca.com\/de\/wp-json\/wp\/v2\/pages"}],"about":[{"href":"https:\/\/maipropertiesmallorca.com\/de\/wp-json\/wp\/v2\/types\/page"}],"author":[{"embeddable":true,"href":"https:\/\/maipropertiesmallorca.com\/de\/wp-json\/wp\/v2\/users\/4"}],"replies":[{"embeddable":true,"href":"https:\/\/maipropertiesmallorca.com\/de\/wp-json\/wp\/v2\/comments?post=7459"}],"version-history":[{"count":0,"href":"https:\/\/maipropertiesmallorca.com\/de\/wp-json\/wp\/v2\/pages\/7459\/revisions"}],"wp:attachment":[{"href":"https:\/\/maipropertiesmallorca.com\/de\/wp-json\/wp\/v2\/media?parent=7459"}],"curies":[{"name":"wp","href":"https:\/\/api.w.org\/{rel}","templated":true}]}}